{"id":973,"date":"2026-04-07T12:31:53","date_gmt":"2026-04-07T10:31:53","guid":{"rendered":"https:\/\/fajnekartypracy.pl\/?page_id=973"},"modified":"2026-04-08T12:33:46","modified_gmt":"2026-04-08T10:33:46","slug":"strona-glowna","status":"publish","type":"page","link":"https:\/\/fajnekartypracy.pl\/","title":{"rendered":"Strona g\u0142\u00f3wna"},"content":{"rendered":"\n<div class=\"wp-block-media-text has-media-on-the-right is-stacked-on-mobile\" style=\"padding-top:var(--wp--preset--spacing--50);padding-bottom:var(--wp--preset--spacing--50);grid-template-columns:auto 46%\"><div class=\"wp-block-media-text__content\">\n<p class=\"has-text-align-center has-ast-global-color-2-color has-text-color has-link-color wp-elements-bf0ac1d76af2d247a34389b2b616042e\" style=\"font-size:28px\"><strong>GOTOWE KARTY PRACY DLA NAUCZYCIELI<br>oszcz\u0119d\u017a czas i zaanga\u017cuj uczni\u00f3w<\/strong><\/p>\n\n\n\n<div class=\"wp-block-buttons is-content-justification-center is-layout-flex wp-container-core-buttons-is-layout-a89b3969 wp-block-buttons-is-layout-flex\">\n<div class=\"wp-block-button\"><a class=\"wp-block-button__link wp-element-button\" href=\"https:\/\/fajnekartypracy.pl\/index.php\/sklep\/\">Zobacz materia\u0142y<\/a><\/div>\n<\/div>\n<\/div><figure class=\"wp-block-media-text__media\"><img loading=\"lazy\" decoding=\"async\" width=\"1024\" height=\"1024\" src=\"https:\/\/fajnekartypracy.pl\/wp-content\/uploads\/2026\/04\/Hero-1024x1024.png\" alt=\"\" class=\"wp-image-979 size-full\" srcset=\"https:\/\/fajnekartypracy.pl\/wp-content\/uploads\/2026\/04\/Hero-1024x1024.png 1024w, https:\/\/fajnekartypracy.pl\/wp-content\/uploads\/2026\/04\/Hero-300x300.png 300w, https:\/\/fajnekartypracy.pl\/wp-content\/uploads\/2026\/04\/Hero-150x150.png 150w, https:\/\/fajnekartypracy.pl\/wp-content\/uploads\/2026\/04\/Hero-768x768.png 768w, https:\/\/fajnekartypracy.pl\/wp-content\/uploads\/2026\/04\/Hero-600x600.png 600w, https:\/\/fajnekartypracy.pl\/wp-content\/uploads\/2026\/04\/Hero-100x100.png 100w, https:\/\/fajnekartypracy.pl\/wp-content\/uploads\/2026\/04\/Hero.png 1033w\" sizes=\"auto, (max-width: 1024px) 100vw, 1024px\" \/><\/figure><\/div>\n\n\n\n\n\n<p><\/p>\n","protected":false},"excerpt":{"rendered":"","protected":false},"author":1,"featured_media":0,"parent":0,"menu_order":0,"comment_status":"closed","ping_status":"closed","template":"","meta":{"_uag_custom_page_level_css":"","site-sidebar-layout":"default","site-content-layout":"","ast-site-content-layout":"default","site-content-style":"default","site-sidebar-style":"default","ast-global-header-display":"","ast-banner-title-visibility":"","ast-main-header-display":"","ast-hfb-above-header-display":"","ast-hfb-below-header-display":"","ast-hfb-mobile-header-display":"","site-post-title":"disabled","ast-breadcrumbs-content":"","ast-featured-img":"","footer-sml-layout":"","ast-disable-related-posts":"","theme-transparent-header-meta":"","adv-header-id-meta":"","stick-header-meta":"","header-above-stick-meta":"","header-main-stick-meta":"","header-below-stick-meta":"","astra-migrate-meta-layouts":"default","ast-page-background-enabled":"default","ast-page-background-meta":{"desktop":{"background-color":"var(--ast-global-color-5)","background-image":"","background-repeat":"repeat","background-position":"center center","background-size":"auto","background-attachment":"scroll","background-type":"","background-media":"","overlay-type":"","overlay-color":"","overlay-opacity":"","overlay-gradient":""},"tablet":{"background-color":"","background-image":"","background-repeat":"repeat","background-position":"center center","background-size":"auto","background-attachment":"scroll","background-type":"","background-media":"","overlay-type":"","overlay-color":"","overlay-opacity":"","overlay-gradient":""},"mobile":{"background-color":"","background-image":"","background-repeat":"repeat","background-position":"center center","background-size":"auto","background-attachment":"scroll","background-type":"","background-media":"","overlay-type":"","overlay-color":"","overlay-opacity":"","overlay-gradient":""}},"ast-content-background-meta":{"desktop":{"background-color":"var(--ast-global-color-4)","background-image":"","background-repeat":"repeat","background-position":"center center","background-size":"auto","background-attachment":"scroll","background-type":"","background-media":"","overlay-type":"","overlay-color":"","overlay-opacity":"","overlay-gradient":""},"tablet":{"background-color":"var(--ast-global-color-4)","background-image":"","background-repeat":"repeat","background-position":"center center","background-size":"auto","background-attachment":"scroll","background-type":"","background-media":"","overlay-type":"","overlay-color":"","overlay-opacity":"","overlay-gradient":""},"mobile":{"background-color":"var(--ast-global-color-4)","background-image":"","background-repeat":"repeat","background-position":"center center","background-size":"auto","background-attachment":"scroll","background-type":"","background-media":"","overlay-type":"","overlay-color":"","overlay-opacity":"","overlay-gradient":""}},"footnotes":""},"class_list":["post-973","page","type-page","status-publish","hentry"],"uagb_featured_image_src":{"full":false,"thumbnail":false,"medium":false,"medium_large":false,"large":false,"1536x1536":false,"2048x2048":false,"woocommerce_thumbnail":false,"woocommerce_single":false,"woocommerce_gallery_thumbnail":false},"uagb_author_info":{"display_name":"Karolina","author_link":"https:\/\/fajnekartypracy.pl\/index.php\/author\/admin3458\/"},"uagb_comment_info":0,"uagb_excerpt":null,"jetpack_sharing_enabled":true,"_links":{"self":[{"href":"https:\/\/fajnekartypracy.pl\/index.php\/wp-json\/wp\/v2\/pages\/973","targetHints":{"allow":["GET"]}}],"collection":[{"href":"https:\/\/fajnekartypracy.pl\/index.php\/wp-json\/wp\/v2\/pages"}],"about":[{"href":"https:\/\/fajnekartypracy.pl\/index.php\/wp-json\/wp\/v2\/types\/page"}],"author":[{"embeddable":true,"href":"https:\/\/fajnekartypracy.pl\/index.php\/wp-json\/wp\/v2\/users\/1"}],"replies":[{"embeddable":true,"href":"https:\/\/fajnekartypracy.pl\/index.php\/wp-json\/wp\/v2\/comments?post=973"}],"version-history":[{"count":19,"href":"https:\/\/fajnekartypracy.pl\/index.php\/wp-json\/wp\/v2\/pages\/973\/revisions"}],"predecessor-version":[{"id":1062,"href":"https:\/\/fajnekartypracy.pl\/index.php\/wp-json\/wp\/v2\/pages\/973\/revisions\/1062"}],"wp:attachment":[{"href":"https:\/\/fajnekartypracy.pl\/index.php\/wp-json\/wp\/v2\/media?parent=973"}],"curies":[{"name":"wp","href":"https:\/\/api.w.org\/{rel}","templated":true}]}}