{"id":1093,"date":"2026-04-14T12:42:46","date_gmt":"2026-04-14T10:42:46","guid":{"rendered":"https:\/\/fajnekartypracy.pl\/?post_type=product&#038;p=1093"},"modified":"2026-04-14T12:47:00","modified_gmt":"2026-04-14T10:47:00","slug":"discover-shakespeare-a2","status":"publish","type":"product","link":"https:\/\/fajnekartypracy.pl\/index.php\/product\/discover-shakespeare-a2\/","title":{"rendered":"Discover Shakespeare A2"},"content":{"rendered":"<p>Discover Shakespeare to karty pracy na poziomie A1+\/A2, dzi\u0119ki kt\u00f3rym uczniowie poznaj\u0105 \u017cycie i tw\u00f3rczo\u015b\u0107 Williama Shakespeare&#8217;a. Przygotowane zosta\u0142y z okazji English Language Day, kt\u00f3ry wypada dok\u0142adnie w rocznic\u0119 urodzin pisarza.<\/p>\n<p>Plik zawiera:<\/p>\n<ol>\n<li>Tekst o Williamie Shakespearze, jego \u017cyciu, tw\u00f3rczo\u015bci &#8211; najwa\u017cniejszych dzie\u0142ach<\/li>\n<li>Zadania:\n<ul>\n<li>label the pictures<\/li>\n<li>put the events in correct order<\/li>\n<li>true\/false<\/li>\n<li>complete the table with information<\/li>\n<li>match the words with meanings<\/li>\n<li>write the opposites<\/li>\n<li>fill in the gaps<\/li>\n<li>answer the questions<\/li>\n<li>word search<\/li>\n<li>complete the table with verbs<\/li>\n<li>crossword<\/li>\n<\/ul>\n<\/li>\n<li>Answer key<\/li>\n<\/ol>\n<p>Pliki b\u0119d\u0105 dost\u0119pne do pobrania po potwierdzeniu p\u0142atno\u015bci. W przypadku pobra\u0144 natychmiastowych\u00a0<strong>zwroty, wymiany i anulowania nie s\u0105 akceptowane.<\/strong><\/p>\n<p>Dost\u0119pne s\u0105 r\u00f3wnie\u017c karty pracy na ten sam temat na poziomie B2 <a href=\"https:\/\/fajnekartypracy.pl\/index.php\/product\/discover-shakespeare-b2\/\">tutaj<\/a>, a oba \u0142\u0105cznie w ni\u017cszej cenie &#8211; <a href=\"https:\/\/fajnekartypracy.pl\/index.php\/product\/discover-shakespeare-a2-b2\/\">tutaj<\/a>.<\/p>\n","protected":false},"excerpt":{"rendered":"<p>Discover Shakespeare to karty pracy na poziomie A1+\/A2, dzi\u0119ki kt\u00f3rym uczniowie poznaj\u0105 \u017cycie i tw\u00f3rczo\u015b\u0107 Williama Shakespeare&#8217;a. Przygotowane zosta\u0142y z okazji English Language Day, kt\u00f3ry wypada dok\u0142adnie w rocznic\u0119 urodzin pisarza.<\/p>\n","protected":false},"featured_media":1101,"template":"","meta":{"_uag_custom_page_level_css":"","site-sidebar-layout":"default","site-content-layout":"","ast-site-content-layout":"default","site-content-style":"default","site-sidebar-style":"default","ast-global-header-display":"","ast-banner-title-visibility":"","ast-main-header-display":"","ast-hfb-above-header-display":"","ast-hfb-below-header-display":"","ast-hfb-mobile-header-display":"","site-post-title":"","ast-breadcrumbs-content":"","ast-featured-img":"","footer-sml-layout":"","ast-disable-related-posts":"","theme-transparent-header-meta":"default","adv-header-id-meta":"","stick-header-meta":"","header-above-stick-meta":"","header-main-stick-meta":"","header-below-stick-meta":"","astra-migrate-meta-layouts":"set","ast-page-background-enabled":"default","ast-page-background-meta":{"desktop":{"background-color":"var(--ast-global-color-5)","background-image":"","background-repeat":"repeat","background-position":"center center","background-size":"auto","background-attachment":"scroll","background-type":"","background-media":"","overlay-type":"","overlay-color":"","overlay-opacity":"","overlay-gradient":""},"tablet":{"background-color":"","background-image":"","background-repeat":"repeat","background-position":"center center","background-size":"auto","background-attachment":"scroll","background-type":"","background-media":"","overlay-type":"","overlay-color":"","overlay-opacity":"","overlay-gradient":""},"mobile":{"background-color":"","background-image":"","background-repeat":"repeat","background-position":"center center","background-size":"auto","background-attachment":"scroll","background-type":"","background-media":"","overlay-type":"","overlay-color":"","overlay-opacity":"","overlay-gradient":""}},"ast-content-background-meta":{"desktop":{"background-color":"var(--ast-global-color-4)","background-image":"","background-repeat":"repeat","background-position":"center center","background-size":"auto","background-attachment":"scroll","background-type":"","background-media":"","overlay-type":"","overlay-color":"","overlay-opacity":"","overlay-gradient":""},"tablet":{"background-color":"var(--ast-global-color-4)","background-image":"","background-repeat":"repeat","background-position":"center center","background-size":"auto","background-attachment":"scroll","background-type":"","background-media":"","overlay-type":"","overlay-color":"","overlay-opacity":"","overlay-gradient":""},"mobile":{"background-color":"var(--ast-global-color-4)","background-image":"","background-repeat":"repeat","background-position":"center center","background-size":"auto","background-attachment":"scroll","background-type":"","background-media":"","overlay-type":"","overlay-color":"","overlay-opacity":"","overlay-gradient":""}}},"product_brand":[26],"product_cat":[133],"product_tag":[134,135],"class_list":{"0":"post-1093","1":"product","2":"type-product","3":"status-publish","4":"has-post-thumbnail","6":"product_brand-fajne-karty-pracy","7":"product_cat-english-language-day","8":"product_tag-english-language-day","9":"product_tag-shakespeare","10":"desktop-align-left","11":"tablet-align-left","12":"mobile-align-left","14":"first","15":"instock","16":"downloadable","17":"virtual","18":"sold-individually","19":"purchasable","20":"product-type-simple"},"uagb_featured_image_src":{"full":["https:\/\/fajnekartypracy.pl\/wp-content\/uploads\/2026\/04\/A2-2.png",1000,1000,false],"thumbnail":["https:\/\/fajnekartypracy.pl\/wp-content\/uploads\/2026\/04\/A2-2-150x150.png",150,150,true],"medium":["https:\/\/fajnekartypracy.pl\/wp-content\/uploads\/2026\/04\/A2-2-300x300.png",300,300,true],"medium_large":["https:\/\/fajnekartypracy.pl\/wp-content\/uploads\/2026\/04\/A2-2-768x768.png",768,768,true],"large":["https:\/\/fajnekartypracy.pl\/wp-content\/uploads\/2026\/04\/A2-2.png",1000,1000,false],"1536x1536":["https:\/\/fajnekartypracy.pl\/wp-content\/uploads\/2026\/04\/A2-2.png",1000,1000,false],"2048x2048":["https:\/\/fajnekartypracy.pl\/wp-content\/uploads\/2026\/04\/A2-2.png",1000,1000,false],"woocommerce_thumbnail":["https:\/\/fajnekartypracy.pl\/wp-content\/uploads\/2026\/04\/A2-2-300x300.png",300,300,true],"woocommerce_single":["https:\/\/fajnekartypracy.pl\/wp-content\/uploads\/2026\/04\/A2-2-600x600.png",600,600,true],"woocommerce_gallery_thumbnail":["https:\/\/fajnekartypracy.pl\/wp-content\/uploads\/2026\/04\/A2-2-100x100.png",100,100,true]},"uagb_author_info":{"display_name":"Karolina","author_link":"https:\/\/fajnekartypracy.pl\/index.php\/author\/"},"uagb_comment_info":0,"uagb_excerpt":"Discover Shakespeare to karty pracy na poziomie A1+\/A2, dzi\u0119ki kt\u00f3rym uczniowie poznaj\u0105 \u017cycie i tw\u00f3rczo\u015b\u0107 Williama Shakespeare'a. Przygotowane zosta\u0142y z okazji English Language Day, kt\u00f3ry wypada dok\u0142adnie w rocznic\u0119 urodzin pisarza.","jetpack_sharing_enabled":true,"_links":{"self":[{"href":"https:\/\/fajnekartypracy.pl\/index.php\/wp-json\/wp\/v2\/product\/1093","targetHints":{"allow":["GET"]}}],"collection":[{"href":"https:\/\/fajnekartypracy.pl\/index.php\/wp-json\/wp\/v2\/product"}],"about":[{"href":"https:\/\/fajnekartypracy.pl\/index.php\/wp-json\/wp\/v2\/types\/product"}],"wp:featuredmedia":[{"embeddable":true,"href":"https:\/\/fajnekartypracy.pl\/index.php\/wp-json\/wp\/v2\/media\/1101"}],"wp:attachment":[{"href":"https:\/\/fajnekartypracy.pl\/index.php\/wp-json\/wp\/v2\/media?parent=1093"}],"wp:term":[{"taxonomy":"product_brand","embeddable":true,"href":"https:\/\/fajnekartypracy.pl\/index.php\/wp-json\/wp\/v2\/product_brand?post=1093"},{"taxonomy":"product_cat","embeddable":true,"href":"https:\/\/fajnekartypracy.pl\/index.php\/wp-json\/wp\/v2\/product_cat?post=1093"},{"taxonomy":"product_tag","embeddable":true,"href":"https:\/\/fajnekartypracy.pl\/index.php\/wp-json\/wp\/v2\/product_tag?post=1093"}],"curies":[{"name":"wp","href":"https:\/\/api.w.org\/{rel}","templated":true}]}}