{"id":1095,"date":"2026-04-14T12:50:59","date_gmt":"2026-04-14T10:50:59","guid":{"rendered":"https:\/\/fajnekartypracy.pl\/?post_type=product&#038;p=1095"},"modified":"2026-04-14T12:50:59","modified_gmt":"2026-04-14T10:50:59","slug":"discover-shakespeare-a2-b2","status":"publish","type":"product","link":"https:\/\/fajnekartypracy.pl\/index.php\/product\/discover-shakespeare-a2-b2\/","title":{"rendered":"Discover Shakespeare A2 + B2"},"content":{"rendered":"<p>Discover Shakespeare A2 + B2 to zestaw kart pracy na poziomie A1+\/A2 oraz B1+\/B2, dzi\u0119ki kt\u00f3rym uczniowie poznaj\u0105 \u017cycie i tw\u00f3rczo\u015b\u0107 Williama Shakespeare&#8217;a. Przygotowane zosta\u0142y z okazji English Language Day, kt\u00f3ry wypada dok\u0142adnie w rocznic\u0119 urodzin pisarza.<\/p>\n<p>Plik zawiera:<\/p>\n<ol>\n<li><a href=\"https:\/\/fajnekartypracy.pl\/index.php\/product\/discover-shakespeare-a2\/\">Discover Shakespeare A2<\/a><\/li>\n<li><a href=\"https:\/\/fajnekartypracy.pl\/index.php\/product\/discover-shakespeare-b2\/\">Discover Shakespeare B2<\/a><\/li>\n<\/ol>\n<p>Pliki b\u0119d\u0105 dost\u0119pne do pobrania po potwierdzeniu p\u0142atno\u015bci. W przypadku pobra\u0144 natychmiastowych\u00a0<strong>zwroty, wymiany i anulowania nie s\u0105 akceptowane.<\/strong><\/p>\n","protected":false},"excerpt":{"rendered":"<p>Discover Shakespeare A2 + B2 to zestaw kart pracy na poziomie A1+\/A2 oraz B1+\/B2, dzi\u0119ki kt\u00f3rym uczniowie poznaj\u0105 \u017cycie i tw\u00f3rczo\u015b\u0107 Williama Shakespeare&#8217;a. Przygotowane zosta\u0142y z okazji English Language Day, kt\u00f3ry wypada dok\u0142adnie w rocznic\u0119 urodzin pisarza.<\/p>\n","protected":false},"featured_media":1105,"template":"","meta":{"_uag_custom_page_level_css":"","site-sidebar-layout":"default","site-content-layout":"","ast-site-content-layout":"default","site-content-style":"default","site-sidebar-style":"default","ast-global-header-display":"","ast-banner-title-visibility":"","ast-main-header-display":"","ast-hfb-above-header-display":"","ast-hfb-below-header-display":"","ast-hfb-mobile-header-display":"","site-post-title":"","ast-breadcrumbs-content":"","ast-featured-img":"","footer-sml-layout":"","ast-disable-related-posts":"","theme-transparent-header-meta":"default","adv-header-id-meta":"","stick-header-meta":"","header-above-stick-meta":"","header-main-stick-meta":"","header-below-stick-meta":"","astra-migrate-meta-layouts":"set","ast-page-background-enabled":"default","ast-page-background-meta":{"desktop":{"background-color":"var(--ast-global-color-5)","background-image":"","background-repeat":"repeat","background-position":"center center","background-size":"auto","background-attachment":"scroll","background-type":"","background-media":"","overlay-type":"","overlay-color":"","overlay-opacity":"","overlay-gradient":""},"tablet":{"background-color":"","background-image":"","background-repeat":"repeat","background-position":"center center","background-size":"auto","background-attachment":"scroll","background-type":"","background-media":"","overlay-type":"","overlay-color":"","overlay-opacity":"","overlay-gradient":""},"mobile":{"background-color":"","background-image":"","background-repeat":"repeat","background-position":"center center","background-size":"auto","background-attachment":"scroll","background-type":"","background-media":"","overlay-type":"","overlay-color":"","overlay-opacity":"","overlay-gradient":""}},"ast-content-background-meta":{"desktop":{"background-color":"var(--ast-global-color-4)","background-image":"","background-repeat":"repeat","background-position":"center center","background-size":"auto","background-attachment":"scroll","background-type":"","background-media":"","overlay-type":"","overlay-color":"","overlay-opacity":"","overlay-gradient":""},"tablet":{"background-color":"var(--ast-global-color-4)","background-image":"","background-repeat":"repeat","background-position":"center center","background-size":"auto","background-attachment":"scroll","background-type":"","background-media":"","overlay-type":"","overlay-color":"","overlay-opacity":"","overlay-gradient":""},"mobile":{"background-color":"var(--ast-global-color-4)","background-image":"","background-repeat":"repeat","background-position":"center center","background-size":"auto","background-attachment":"scroll","background-type":"","background-media":"","overlay-type":"","overlay-color":"","overlay-opacity":"","overlay-gradient":""}}},"product_brand":[26],"product_cat":[133],"product_tag":[134,135],"class_list":{"0":"post-1095","1":"product","2":"type-product","3":"status-publish","4":"has-post-thumbnail","6":"product_brand-fajne-karty-pracy","7":"product_cat-english-language-day","8":"product_tag-english-language-day","9":"product_tag-shakespeare","10":"desktop-align-left","11":"tablet-align-left","12":"mobile-align-left","14":"first","15":"instock","16":"sale","17":"downloadable","18":"virtual","19":"purchasable","20":"product-type-simple"},"uagb_featured_image_src":{"full":["https:\/\/fajnekartypracy.pl\/wp-content\/uploads\/2026\/04\/sh-bundle.png",1000,1000,false],"thumbnail":["https:\/\/fajnekartypracy.pl\/wp-content\/uploads\/2026\/04\/sh-bundle-150x150.png",150,150,true],"medium":["https:\/\/fajnekartypracy.pl\/wp-content\/uploads\/2026\/04\/sh-bundle-300x300.png",300,300,true],"medium_large":["https:\/\/fajnekartypracy.pl\/wp-content\/uploads\/2026\/04\/sh-bundle-768x768.png",768,768,true],"large":["https:\/\/fajnekartypracy.pl\/wp-content\/uploads\/2026\/04\/sh-bundle.png",1000,1000,false],"1536x1536":["https:\/\/fajnekartypracy.pl\/wp-content\/uploads\/2026\/04\/sh-bundle.png",1000,1000,false],"2048x2048":["https:\/\/fajnekartypracy.pl\/wp-content\/uploads\/2026\/04\/sh-bundle.png",1000,1000,false],"woocommerce_thumbnail":["https:\/\/fajnekartypracy.pl\/wp-content\/uploads\/2026\/04\/sh-bundle-300x300.png",300,300,true],"woocommerce_single":["https:\/\/fajnekartypracy.pl\/wp-content\/uploads\/2026\/04\/sh-bundle-600x600.png",600,600,true],"woocommerce_gallery_thumbnail":["https:\/\/fajnekartypracy.pl\/wp-content\/uploads\/2026\/04\/sh-bundle-100x100.png",100,100,true]},"uagb_author_info":{"display_name":"Karolina","author_link":"https:\/\/fajnekartypracy.pl\/index.php\/author\/"},"uagb_comment_info":0,"uagb_excerpt":"Discover Shakespeare A2 + B2 to zestaw kart pracy na poziomie A1+\/A2 oraz B1+\/B2, dzi\u0119ki kt\u00f3rym uczniowie poznaj\u0105 \u017cycie i tw\u00f3rczo\u015b\u0107 Williama Shakespeare'a. Przygotowane zosta\u0142y z okazji English Language Day, kt\u00f3ry wypada dok\u0142adnie w rocznic\u0119 urodzin pisarza.","jetpack_sharing_enabled":true,"_links":{"self":[{"href":"https:\/\/fajnekartypracy.pl\/index.php\/wp-json\/wp\/v2\/product\/1095","targetHints":{"allow":["GET"]}}],"collection":[{"href":"https:\/\/fajnekartypracy.pl\/index.php\/wp-json\/wp\/v2\/product"}],"about":[{"href":"https:\/\/fajnekartypracy.pl\/index.php\/wp-json\/wp\/v2\/types\/product"}],"wp:featuredmedia":[{"embeddable":true,"href":"https:\/\/fajnekartypracy.pl\/index.php\/wp-json\/wp\/v2\/media\/1105"}],"wp:attachment":[{"href":"https:\/\/fajnekartypracy.pl\/index.php\/wp-json\/wp\/v2\/media?parent=1095"}],"wp:term":[{"taxonomy":"product_brand","embeddable":true,"href":"https:\/\/fajnekartypracy.pl\/index.php\/wp-json\/wp\/v2\/product_brand?post=1095"},{"taxonomy":"product_cat","embeddable":true,"href":"https:\/\/fajnekartypracy.pl\/index.php\/wp-json\/wp\/v2\/product_cat?post=1095"},{"taxonomy":"product_tag","embeddable":true,"href":"https:\/\/fajnekartypracy.pl\/index.php\/wp-json\/wp\/v2\/product_tag?post=1095"}],"curies":[{"name":"wp","href":"https:\/\/api.w.org\/{rel}","templated":true}]}}