{"id":1110,"date":"2026-04-14T13:29:06","date_gmt":"2026-04-14T11:29:06","guid":{"rendered":"https:\/\/fajnekartypracy.pl\/?post_type=product&#038;p=1110"},"modified":"2026-04-17T13:59:21","modified_gmt":"2026-04-17T11:59:21","slug":"earth-day-2026-worksheets-a2-b2","status":"publish","type":"product","link":"https:\/\/fajnekartypracy.pl\/index.php\/product\/earth-day-2026-worksheets-a2-b2\/","title":{"rendered":"Earth Day 2026 worksheets A2 + B2"},"content":{"rendered":"<p>Earth Day 2026 A2 + B2 to zestaw kart pracy na poziomie A1+\/A2 oraz B1+\/B2, dzi\u0119ki kt\u00f3rym uczniowie dowiedz\u0105 si\u0119 wi\u0119cej o Earth Day: czym jest, jaka jest historia powstania tego \u015bwi\u0119ta, jak jest obchodzone i dlaczego jest wa\u017cne. Materia\u0142y idealne na lekcj\u0119 w Dzie\u0144 Ziemi, kt\u00f3ry wypada 22 kwietnia.<\/p>\n<p>Pliki zawieraj\u0105:<\/p>\n<ol>\n<li><a href=\"https:\/\/fajnekartypracy.pl\/index.php\/product\/earth-day-2026-worksheet-a2\/\">Earth Day 2026 worksheet A2<\/a><\/li>\n<li><a href=\"https:\/\/fajnekartypracy.pl\/index.php\/product\/earth-day-2026-worksheet-b2\/\">Earth Day 2026 worksheet B2<\/a><\/li>\n<\/ol>\n<div class=\"woocommerce-tabs wc-tabs-wrapper\">\n<div id=\"tab-description\" class=\"woocommerce-Tabs-panel woocommerce-Tabs-panel--description panel entry-content wc-tab\" role=\"tabpanel\" aria-labelledby=\"tab-title-description\">\n<p>Pliki b\u0119d\u0105 dost\u0119pne do pobrania po potwierdzeniu p\u0142atno\u015bci. W przypadku pobra\u0144 natychmiastowych\u00a0<strong>zwroty, wymiany i anulowania nie s\u0105 akceptowane.<\/strong><\/p>\n<\/div>\n<\/div>\n","protected":false},"excerpt":{"rendered":"<p>Earth Day 2026 A2 + B2 to zestaw kart pracy na poziomie A1+\/A2 oraz B1+\/B2, dzi\u0119ki kt\u00f3rym uczniowie dowiedz\u0105 si\u0119 wi\u0119cej o Earth Day: czym jest, jaka jest historia powstania tego \u015bwi\u0119ta, jak jest obchodzone i dlaczego jest wa\u017cne. Materia\u0142y idealne na lekcj\u0119 w Dzie\u0144 Ziemi, kt\u00f3ry wypada 22 kwietnia.<\/p>\n","protected":false},"featured_media":1121,"template":"","meta":{"_uag_custom_page_level_css":"","site-sidebar-layout":"default","site-content-layout":"","ast-site-content-layout":"default","site-content-style":"default","site-sidebar-style":"default","ast-global-header-display":"","ast-banner-title-visibility":"","ast-main-header-display":"","ast-hfb-above-header-display":"","ast-hfb-below-header-display":"","ast-hfb-mobile-header-display":"","site-post-title":"","ast-breadcrumbs-content":"","ast-featured-img":"","footer-sml-layout":"","ast-disable-related-posts":"","theme-transparent-header-meta":"default","adv-header-id-meta":"","stick-header-meta":"","header-above-stick-meta":"","header-main-stick-meta":"","header-below-stick-meta":"","astra-migrate-meta-layouts":"set","ast-page-background-enabled":"default","ast-page-background-meta":{"desktop":{"background-color":"var(--ast-global-color-5)","background-image":"","background-repeat":"repeat","background-position":"center center","background-size":"auto","background-attachment":"scroll","background-type":"","background-media":"","overlay-type":"","overlay-color":"","overlay-opacity":"","overlay-gradient":""},"tablet":{"background-color":"","background-image":"","background-repeat":"repeat","background-position":"center center","background-size":"auto","background-attachment":"scroll","background-type":"","background-media":"","overlay-type":"","overlay-color":"","overlay-opacity":"","overlay-gradient":""},"mobile":{"background-color":"","background-image":"","background-repeat":"repeat","background-position":"center center","background-size":"auto","background-attachment":"scroll","background-type":"","background-media":"","overlay-type":"","overlay-color":"","overlay-opacity":"","overlay-gradient":""}},"ast-content-background-meta":{"desktop":{"background-color":"var(--ast-global-color-4)","background-image":"","background-repeat":"repeat","background-position":"center center","background-size":"auto","background-attachment":"scroll","background-type":"","background-media":"","overlay-type":"","overlay-color":"","overlay-opacity":"","overlay-gradient":""},"tablet":{"background-color":"var(--ast-global-color-4)","background-image":"","background-repeat":"repeat","background-position":"center center","background-size":"auto","background-attachment":"scroll","background-type":"","background-media":"","overlay-type":"","overlay-color":"","overlay-opacity":"","overlay-gradient":""},"mobile":{"background-color":"var(--ast-global-color-4)","background-image":"","background-repeat":"repeat","background-position":"center center","background-size":"auto","background-attachment":"scroll","background-type":"","background-media":"","overlay-type":"","overlay-color":"","overlay-opacity":"","overlay-gradient":""}}},"product_brand":[26],"product_cat":[136],"product_tag":[137],"class_list":{"0":"post-1110","1":"product","2":"type-product","3":"status-publish","4":"has-post-thumbnail","6":"product_brand-fajne-karty-pracy","7":"product_cat-earth-day","8":"product_tag-earth-day","9":"desktop-align-left","10":"tablet-align-left","11":"mobile-align-left","13":"first","14":"instock","15":"sale","16":"downloadable","17":"virtual","18":"sold-individually","19":"purchasable","20":"product-type-simple"},"uagb_featured_image_src":{"full":["https:\/\/fajnekartypracy.pl\/wp-content\/uploads\/2026\/04\/sh-bundle-2.png",1000,1000,false],"thumbnail":["https:\/\/fajnekartypracy.pl\/wp-content\/uploads\/2026\/04\/sh-bundle-2-150x150.png",150,150,true],"medium":["https:\/\/fajnekartypracy.pl\/wp-content\/uploads\/2026\/04\/sh-bundle-2-300x300.png",300,300,true],"medium_large":["https:\/\/fajnekartypracy.pl\/wp-content\/uploads\/2026\/04\/sh-bundle-2-768x768.png",768,768,true],"large":["https:\/\/fajnekartypracy.pl\/wp-content\/uploads\/2026\/04\/sh-bundle-2.png",1000,1000,false],"1536x1536":["https:\/\/fajnekartypracy.pl\/wp-content\/uploads\/2026\/04\/sh-bundle-2.png",1000,1000,false],"2048x2048":["https:\/\/fajnekartypracy.pl\/wp-content\/uploads\/2026\/04\/sh-bundle-2.png",1000,1000,false],"woocommerce_thumbnail":["https:\/\/fajnekartypracy.pl\/wp-content\/uploads\/2026\/04\/sh-bundle-2-300x300.png",300,300,true],"woocommerce_single":["https:\/\/fajnekartypracy.pl\/wp-content\/uploads\/2026\/04\/sh-bundle-2-600x600.png",600,600,true],"woocommerce_gallery_thumbnail":["https:\/\/fajnekartypracy.pl\/wp-content\/uploads\/2026\/04\/sh-bundle-2-100x100.png",100,100,true]},"uagb_author_info":{"display_name":"Karolina","author_link":"https:\/\/fajnekartypracy.pl\/index.php\/author\/"},"uagb_comment_info":0,"uagb_excerpt":"Earth Day 2026 A2 + B2 to zestaw kart pracy na poziomie A1+\/A2 oraz B1+\/B2, dzi\u0119ki kt\u00f3rym uczniowie dowiedz\u0105 si\u0119 wi\u0119cej o Earth Day: czym jest, jaka jest historia powstania tego \u015bwi\u0119ta, jak jest obchodzone i dlaczego jest wa\u017cne. Materia\u0142y idealne na lekcj\u0119 w Dzie\u0144 Ziemi, kt\u00f3ry wypada 22 kwietnia.","jetpack_sharing_enabled":true,"_links":{"self":[{"href":"https:\/\/fajnekartypracy.pl\/index.php\/wp-json\/wp\/v2\/product\/1110","targetHints":{"allow":["GET"]}}],"collection":[{"href":"https:\/\/fajnekartypracy.pl\/index.php\/wp-json\/wp\/v2\/product"}],"about":[{"href":"https:\/\/fajnekartypracy.pl\/index.php\/wp-json\/wp\/v2\/types\/product"}],"wp:featuredmedia":[{"embeddable":true,"href":"https:\/\/fajnekartypracy.pl\/index.php\/wp-json\/wp\/v2\/media\/1121"}],"wp:attachment":[{"href":"https:\/\/fajnekartypracy.pl\/index.php\/wp-json\/wp\/v2\/media?parent=1110"}],"wp:term":[{"taxonomy":"product_brand","embeddable":true,"href":"https:\/\/fajnekartypracy.pl\/index.php\/wp-json\/wp\/v2\/product_brand?post=1110"},{"taxonomy":"product_cat","embeddable":true,"href":"https:\/\/fajnekartypracy.pl\/index.php\/wp-json\/wp\/v2\/product_cat?post=1110"},{"taxonomy":"product_tag","embeddable":true,"href":"https:\/\/fajnekartypracy.pl\/index.php\/wp-json\/wp\/v2\/product_tag?post=1110"}],"curies":[{"name":"wp","href":"https:\/\/api.w.org\/{rel}","templated":true}]}}