{"id":929,"date":"2026-03-30T02:10:52","date_gmt":"2026-03-30T00:10:52","guid":{"rendered":"https:\/\/fajnekartypracy.pl\/?post_type=product&#038;p=929"},"modified":"2026-03-30T02:10:52","modified_gmt":"2026-03-30T00:10:52","slug":"spring-easter-quick-activities","status":"publish","type":"product","link":"https:\/\/fajnekartypracy.pl\/index.php\/product\/spring-easter-quick-activities\/","title":{"rendered":"Spring&#038;Easter Quick Activities"},"content":{"rendered":"<p>Zestaw 32 zada\u0144 idealnych na okres wiosny i Wielkanocy. Na 8 stronach znajduj\u0105 si\u0119 r\u00f3\u017cnorodne zadania (32, po 4 na stron\u0119), kt\u00f3re rozwijaj\u0105 kreatywno\u015b\u0107, s\u0142ownictwo i logiczne my\u015blenie.<\/p>\n<p>Materia\u0142y obejmuj\u0105: wykre\u015blanki, \u0142amanie kod\u00f3w, kreatywne kolorowanie, kolorowanie po numerach, rebusy i wiele innych. Przyk\u0142adowe strony mo\u017cna zobaczy\u0107 w galerii.<\/p>\n<p>To doskona\u0142e narz\u0119dzie dla nauczycieli szukaj\u0105cych szybkich zada\u0144 na wiosenno-wielkanocne lekcje kulturowe.<\/p>\n<p>Pliki b\u0119d\u0105 dost\u0119pne do pobrania po potwierdzeniu p\u0142atno\u015bci. W przypadku pobra\u0144 natychmiastowych\u00a0<strong>zwroty, wymiany i anulowania nie s\u0105 akceptowane.<\/strong><\/p>\n","protected":false},"excerpt":{"rendered":"<p><span data-path-to-node=\"2,0,0,2\"><span class=\"citation-51\">Zbi\u00f3r anga\u017cuj\u0105cych kart pracy o tematyce wiosenno-wielkanocnej, zawieraj\u0105cy krzy\u017c\u00f3wki, wykre\u015blanki, kolorowanki oraz proste zagadki logiczne dla dzieci<\/span><\/span><span data-path-to-node=\"2,0,0,4\">. Idealny na rozgrzewk\u0119 lub zako\u0144czenie lekcji.<\/span><\/p>\n","protected":false},"featured_media":931,"template":"","meta":{"_uag_custom_page_level_css":"","site-sidebar-layout":"default","site-content-layout":"","ast-site-content-layout":"default","site-content-style":"default","site-sidebar-style":"default","ast-global-header-display":"","ast-banner-title-visibility":"","ast-main-header-display":"","ast-hfb-above-header-display":"","ast-hfb-below-header-display":"","ast-hfb-mobile-header-display":"","site-post-title":"","ast-breadcrumbs-content":"","ast-featured-img":"","footer-sml-layout":"","ast-disable-related-posts":"","theme-transparent-header-meta":"default","adv-header-id-meta":"","stick-header-meta":"","header-above-stick-meta":"","header-main-stick-meta":"","header-below-stick-meta":"","astra-migrate-meta-layouts":"set","ast-page-background-enabled":"default","ast-page-background-meta":{"desktop":{"background-color":"var(--ast-global-color-5)","background-image":"","background-repeat":"repeat","background-position":"center center","background-size":"auto","background-attachment":"scroll","background-type":"","background-media":"","overlay-type":"","overlay-color":"","overlay-opacity":"","overlay-gradient":""},"tablet":{"background-color":"","background-image":"","background-repeat":"repeat","background-position":"center center","background-size":"auto","background-attachment":"scroll","background-type":"","background-media":"","overlay-type":"","overlay-color":"","overlay-opacity":"","overlay-gradient":""},"mobile":{"background-color":"","background-image":"","background-repeat":"repeat","background-position":"center center","background-size":"auto","background-attachment":"scroll","background-type":"","background-media":"","overlay-type":"","overlay-color":"","overlay-opacity":"","overlay-gradient":""}},"ast-content-background-meta":{"desktop":{"background-color":"var(--ast-global-color-4)","background-image":"","background-repeat":"repeat","background-position":"center center","background-size":"auto","background-attachment":"scroll","background-type":"","background-media":"","overlay-type":"","overlay-color":"","overlay-opacity":"","overlay-gradient":""},"tablet":{"background-color":"var(--ast-global-color-4)","background-image":"","background-repeat":"repeat","background-position":"center center","background-size":"auto","background-attachment":"scroll","background-type":"","background-media":"","overlay-type":"","overlay-color":"","overlay-opacity":"","overlay-gradient":""},"mobile":{"background-color":"var(--ast-global-color-4)","background-image":"","background-repeat":"repeat","background-position":"center center","background-size":"auto","background-attachment":"scroll","background-type":"","background-media":"","overlay-type":"","overlay-color":"","overlay-opacity":"","overlay-gradient":""}}},"product_brand":[26],"product_cat":[104],"product_tag":[105,106,20],"class_list":{"0":"post-929","1":"product","2":"type-product","3":"status-publish","4":"has-post-thumbnail","6":"product_brand-fajne-karty-pracy","7":"product_cat-easter","8":"product_tag-easter","9":"product_tag-quick-activities","10":"product_tag-spring","11":"desktop-align-left","12":"tablet-align-left","13":"mobile-align-left","15":"first","16":"instock","17":"downloadable","18":"virtual","19":"purchasable","20":"product-type-simple"},"uagb_featured_image_src":{"full":["https:\/\/fajnekartypracy.pl\/wp-content\/uploads\/2026\/03\/6-1.png",1000,1000,false],"thumbnail":["https:\/\/fajnekartypracy.pl\/wp-content\/uploads\/2026\/03\/6-1-150x150.png",150,150,true],"medium":["https:\/\/fajnekartypracy.pl\/wp-content\/uploads\/2026\/03\/6-1-300x300.png",300,300,true],"medium_large":["https:\/\/fajnekartypracy.pl\/wp-content\/uploads\/2026\/03\/6-1-768x768.png",768,768,true],"large":["https:\/\/fajnekartypracy.pl\/wp-content\/uploads\/2026\/03\/6-1.png",1000,1000,false],"1536x1536":["https:\/\/fajnekartypracy.pl\/wp-content\/uploads\/2026\/03\/6-1.png",1000,1000,false],"2048x2048":["https:\/\/fajnekartypracy.pl\/wp-content\/uploads\/2026\/03\/6-1.png",1000,1000,false],"woocommerce_thumbnail":["https:\/\/fajnekartypracy.pl\/wp-content\/uploads\/2026\/03\/6-1-300x300.png",300,300,true],"woocommerce_single":["https:\/\/fajnekartypracy.pl\/wp-content\/uploads\/2026\/03\/6-1-600x600.png",600,600,true],"woocommerce_gallery_thumbnail":["https:\/\/fajnekartypracy.pl\/wp-content\/uploads\/2026\/03\/6-1-100x100.png",100,100,true]},"uagb_author_info":{"display_name":"Karolina","author_link":"https:\/\/fajnekartypracy.pl\/index.php\/author\/"},"uagb_comment_info":0,"uagb_excerpt":"Zbi\u00f3r anga\u017cuj\u0105cych kart pracy o tematyce wiosenno-wielkanocnej, zawieraj\u0105cy krzy\u017c\u00f3wki, wykre\u015blanki, kolorowanki oraz proste zagadki logiczne dla dzieci. Idealny na rozgrzewk\u0119 lub zako\u0144czenie lekcji.","jetpack_sharing_enabled":true,"_links":{"self":[{"href":"https:\/\/fajnekartypracy.pl\/index.php\/wp-json\/wp\/v2\/product\/929","targetHints":{"allow":["GET"]}}],"collection":[{"href":"https:\/\/fajnekartypracy.pl\/index.php\/wp-json\/wp\/v2\/product"}],"about":[{"href":"https:\/\/fajnekartypracy.pl\/index.php\/wp-json\/wp\/v2\/types\/product"}],"wp:featuredmedia":[{"embeddable":true,"href":"https:\/\/fajnekartypracy.pl\/index.php\/wp-json\/wp\/v2\/media\/931"}],"wp:attachment":[{"href":"https:\/\/fajnekartypracy.pl\/index.php\/wp-json\/wp\/v2\/media?parent=929"}],"wp:term":[{"taxonomy":"product_brand","embeddable":true,"href":"https:\/\/fajnekartypracy.pl\/index.php\/wp-json\/wp\/v2\/product_brand?post=929"},{"taxonomy":"product_cat","embeddable":true,"href":"https:\/\/fajnekartypracy.pl\/index.php\/wp-json\/wp\/v2\/product_cat?post=929"},{"taxonomy":"product_tag","embeddable":true,"href":"https:\/\/fajnekartypracy.pl\/index.php\/wp-json\/wp\/v2\/product_tag?post=929"}],"curies":[{"name":"wp","href":"https:\/\/api.w.org\/{rel}","templated":true}]}}