{"id":935,"date":"2026-03-30T02:16:37","date_gmt":"2026-03-30T00:16:37","guid":{"rendered":"https:\/\/fajnekartypracy.pl\/?post_type=product&#038;p=935"},"modified":"2026-04-07T00:28:11","modified_gmt":"2026-04-06T22:28:11","slug":"easter-gamesquizzes","status":"publish","type":"product","link":"https:\/\/fajnekartypracy.pl\/index.php\/product\/easter-gamesquizzes\/","title":{"rendered":"Easter Games&#038;Quizzes"},"content":{"rendered":"<p>Zestaw 12 anga\u017cuj\u0105cych gier i quiz\u00f3w na Wielkanoc. Idealny na lekcje j\u0119zyka angielskiego w szkole podstawowej i na zaj\u0119ciach dodatkowych.<\/p>\n<p data-start=\"997\" data-end=\"1102\">W \u015brodku znajdziesz m.in.:<\/p>\n<ul>\n<li>Easter Crossword (krzy\u017c\u00f3wka)<\/li>\n<li>Name 3 (kategorie tematyczne)<\/li>\n<li>A\u2013Z Race<\/li>\n<li>Unscramble (anagramy)<\/li>\n<li>Wordsearch<\/li>\n<li>Code Breaker<\/li>\n<li>Roll a bunny (gra z kostk\u0105)<\/li>\n<li>My bunny (kreatywne rysowanie)<\/li>\n<li>Maze (labirynt)<\/li>\n<li data-start=\"1104\" data-end=\"1446\">Riddles (zagadki)<\/li>\n<li data-start=\"1104\" data-end=\"1446\">Answer Key<\/li>\n<\/ul>\n<p data-start=\"1104\" data-end=\"1446\">To zestaw, kt\u00f3ry \u0142\u0105czy nauk\u0119 i zabaw\u0119 oraz wprowadza s\u0142ownictwo zwi\u0105zane z Wielkanoc\u0105.<\/p>\n<p data-start=\"1104\" data-end=\"1446\">Pliki b\u0119d\u0105 dost\u0119pne do pobrania po potwierdzeniu p\u0142atno\u015bci. W przypadku pobra\u0144 natychmiastowych\u00a0<strong>zwroty, wymiany i anulowania nie s\u0105 akceptowane.<\/strong><\/p>\n","protected":false},"excerpt":{"rendered":"<p>Zestaw 11 anga\u017cuj\u0105cych gier i quiz\u00f3w na Wielkanoc. Idealny na lekcje j\u0119zyka angielskiego w szkole podstawowej i na zaj\u0119ciach dodatkowych. W \u015brodku znajdziesz m.in. krzy\u017c\u00f3wk\u0119, wordsearch, \u201eRoll a bunny\u201d, Name 3, A\u2013Z Race oraz klucz odpowiedzi. Materia\u0142 gotowy do druku<\/p>\n","protected":false},"featured_media":936,"template":"","meta":{"_uag_custom_page_level_css":"","site-sidebar-layout":"default","site-content-layout":"","ast-site-content-layout":"default","site-content-style":"default","site-sidebar-style":"default","ast-global-header-display":"","ast-banner-title-visibility":"","ast-main-header-display":"","ast-hfb-above-header-display":"","ast-hfb-below-header-display":"","ast-hfb-mobile-header-display":"","site-post-title":"","ast-breadcrumbs-content":"","ast-featured-img":"","footer-sml-layout":"","ast-disable-related-posts":"","theme-transparent-header-meta":"default","adv-header-id-meta":"","stick-header-meta":"","header-above-stick-meta":"","header-main-stick-meta":"","header-below-stick-meta":"","astra-migrate-meta-layouts":"set","ast-page-background-enabled":"default","ast-page-background-meta":{"desktop":{"background-color":"var(--ast-global-color-5)","background-image":"","background-repeat":"repeat","background-position":"center center","background-size":"auto","background-attachment":"scroll","background-type":"","background-media":"","overlay-type":"","overlay-color":"","overlay-opacity":"","overlay-gradient":""},"tablet":{"background-color":"","background-image":"","background-repeat":"repeat","background-position":"center center","background-size":"auto","background-attachment":"scroll","background-type":"","background-media":"","overlay-type":"","overlay-color":"","overlay-opacity":"","overlay-gradient":""},"mobile":{"background-color":"","background-image":"","background-repeat":"repeat","background-position":"center center","background-size":"auto","background-attachment":"scroll","background-type":"","background-media":"","overlay-type":"","overlay-color":"","overlay-opacity":"","overlay-gradient":""}},"ast-content-background-meta":{"desktop":{"background-color":"var(--ast-global-color-4)","background-image":"","background-repeat":"repeat","background-position":"center center","background-size":"auto","background-attachment":"scroll","background-type":"","background-media":"","overlay-type":"","overlay-color":"","overlay-opacity":"","overlay-gradient":""},"tablet":{"background-color":"var(--ast-global-color-4)","background-image":"","background-repeat":"repeat","background-position":"center center","background-size":"auto","background-attachment":"scroll","background-type":"","background-media":"","overlay-type":"","overlay-color":"","overlay-opacity":"","overlay-gradient":""},"mobile":{"background-color":"var(--ast-global-color-4)","background-image":"","background-repeat":"repeat","background-position":"center center","background-size":"auto","background-attachment":"scroll","background-type":"","background-media":"","overlay-type":"","overlay-color":"","overlay-opacity":"","overlay-gradient":""}}},"product_brand":[26],"product_cat":[104],"product_tag":[32,105,43,102,52,33],"class_list":{"0":"post-935","1":"product","2":"type-product","3":"status-publish","4":"has-post-thumbnail","6":"product_brand-fajne-karty-pracy","7":"product_cat-easter","8":"product_tag-crossword","9":"product_tag-easter","10":"product_tag-games","11":"product_tag-quizzes","12":"product_tag-riddles","13":"product_tag-word-search","14":"desktop-align-left","15":"tablet-align-left","16":"mobile-align-left","18":"first","19":"instock","20":"downloadable","21":"virtual","22":"purchasable","23":"product-type-simple"},"uagb_featured_image_src":{"full":["https:\/\/fajnekartypracy.pl\/wp-content\/uploads\/2026\/03\/6-2.png",1000,1000,false],"thumbnail":["https:\/\/fajnekartypracy.pl\/wp-content\/uploads\/2026\/03\/6-2-150x150.png",150,150,true],"medium":["https:\/\/fajnekartypracy.pl\/wp-content\/uploads\/2026\/03\/6-2-300x300.png",300,300,true],"medium_large":["https:\/\/fajnekartypracy.pl\/wp-content\/uploads\/2026\/03\/6-2-768x768.png",768,768,true],"large":["https:\/\/fajnekartypracy.pl\/wp-content\/uploads\/2026\/03\/6-2.png",1000,1000,false],"1536x1536":["https:\/\/fajnekartypracy.pl\/wp-content\/uploads\/2026\/03\/6-2.png",1000,1000,false],"2048x2048":["https:\/\/fajnekartypracy.pl\/wp-content\/uploads\/2026\/03\/6-2.png",1000,1000,false],"woocommerce_thumbnail":["https:\/\/fajnekartypracy.pl\/wp-content\/uploads\/2026\/03\/6-2-300x300.png",300,300,true],"woocommerce_single":["https:\/\/fajnekartypracy.pl\/wp-content\/uploads\/2026\/03\/6-2-600x600.png",600,600,true],"woocommerce_gallery_thumbnail":["https:\/\/fajnekartypracy.pl\/wp-content\/uploads\/2026\/03\/6-2-100x100.png",100,100,true]},"uagb_author_info":{"display_name":"Karolina","author_link":"https:\/\/fajnekartypracy.pl\/index.php\/author\/"},"uagb_comment_info":0,"uagb_excerpt":"Zestaw 11 anga\u017cuj\u0105cych gier i quiz\u00f3w na Wielkanoc. Idealny na lekcje j\u0119zyka angielskiego w szkole podstawowej i na zaj\u0119ciach dodatkowych. W \u015brodku znajdziesz m.in. krzy\u017c\u00f3wk\u0119, wordsearch, \u201eRoll a bunny\u201d, Name 3, A\u2013Z Race oraz klucz odpowiedzi. Materia\u0142 gotowy do druku","jetpack_sharing_enabled":true,"_links":{"self":[{"href":"https:\/\/fajnekartypracy.pl\/index.php\/wp-json\/wp\/v2\/product\/935","targetHints":{"allow":["GET"]}}],"collection":[{"href":"https:\/\/fajnekartypracy.pl\/index.php\/wp-json\/wp\/v2\/product"}],"about":[{"href":"https:\/\/fajnekartypracy.pl\/index.php\/wp-json\/wp\/v2\/types\/product"}],"wp:featuredmedia":[{"embeddable":true,"href":"https:\/\/fajnekartypracy.pl\/index.php\/wp-json\/wp\/v2\/media\/936"}],"wp:attachment":[{"href":"https:\/\/fajnekartypracy.pl\/index.php\/wp-json\/wp\/v2\/media?parent=935"}],"wp:term":[{"taxonomy":"product_brand","embeddable":true,"href":"https:\/\/fajnekartypracy.pl\/index.php\/wp-json\/wp\/v2\/product_brand?post=935"},{"taxonomy":"product_cat","embeddable":true,"href":"https:\/\/fajnekartypracy.pl\/index.php\/wp-json\/wp\/v2\/product_cat?post=935"},{"taxonomy":"product_tag","embeddable":true,"href":"https:\/\/fajnekartypracy.pl\/index.php\/wp-json\/wp\/v2\/product_tag?post=935"}],"curies":[{"name":"wp","href":"https:\/\/api.w.org\/{rel}","templated":true}]}}